{"id":14062,"date":"2025-03-08T01:13:46","date_gmt":"2025-03-07T16:13:46","guid":{"rendered":"https:\/\/squishy-japan.com\/?post_type=product&#038;p=14062"},"modified":"2025-08-16T16:40:50","modified_gmt":"2025-08-16T07:40:50","slug":"ibloom-pieni-uni-cupcake","status":"publish","type":"product","link":"https:\/\/squishy-japan.com\/jp\/shop\/ibloom\/ibloom-pieni-uni-cupcake\/","title":{"rendered":"IBloom - \u30d4\u30a8\u30cb\u30fb\u30e6\u30cb \u30ab\u30c3\u30d7\u30b1\u30fc\u30ad"},"content":{"rendered":"<p><!-- Aviso de Pr\u00e9-venda --><\/p>\n<p><!-- Descri\u00e7\u00e3o em Ingl\u00eas --><\/p>\n<h2 style=\"color: #ff6699; text-align: center;\">IBloom - \u30d4\u30a8\u30cb\u30fb\u30e6\u30cb \u30ab\u30c3\u30d7\u30b1\u30fc\u30ad<\/h2>\n<p style=\"font-size: 18px; color: #555; text-align: center;\">\u3075\u308f\u3075\u308f\uff06\u3075\u306b\u3083\u3075\u306b\u3083\u306e\u30ab\u30c3\u30d7\u30b1\u30fc\u30ad\u306b\u30ad\u30e5\u30fc\u30c8\u306a\u30a6\u30b5\u30ae\u304c\u63cf\u304b\u308c\u3066\u3044\u307e\u3059\uff01\u9999\u308a\u306f3\u7a2e\u985e\uff1a<\/p>\n<ul style=\"list-style-type: none; padding: 0; text-align: center; font-size: 16px; color: #444;\">\n<li><strong>\u306f\u3058\u307e\u308a\u306e\u82b1<\/strong> - \u30b9\u30c8\u30ed\u30d9\u30ea\u30fc\u306e\u9999\u308a<\/li>\n<li><strong>\u3072\u3060\u307e\u308a<\/strong> - \u30cf\u30cb\u30fc\u30d0\u30cb\u30e9\u306e\u9999\u308a<\/li>\n<li><strong>\u3059\u307f\u308c\u306e\u30c1\u30e7\u30b3\u30ec\u30fc\u30c8<\/strong> - \u30c1\u30e7\u30b3\u30ec\u30fc\u30c8\u306e\u9999\u308a<\/li>\n<\/ul>\n<p style=\"font-size: 14px; color: #777; text-align: center;\">*\u9999\u308a\u306e\u5f37\u3055\u306f\u7a2e\u985e\u306b\u3088\u3063\u3066\u7570\u306a\u308b\u3002<br \/>\n*\u5546\u54c1\u753b\u50cf\u306f\u30a4\u30e1\u30fc\u30b8\u3067\u3059\u3002\u5b9f\u969b\u306e\u5546\u54c1\u3068\u306f\u591a\u5c11\u7570\u306a\u308b\u5834\u5408\u304c\u3042\u308a\u307e\u3059\u3002<\/p>\n<hr style=\"border: 1px dashed #f4c2c2; margin: 20px 0;\" \/>\n<p><!-- Aviso de Pr\u00e9-venda --><\/p>\n<p><!-- Descri\u00e7\u00e3o em Japon\u00eas --><\/p>\n<h2 style=\"color: #ff6699; text-align: center;\">IBloom - \u30d4\u30a8\u30cb\u30a6\u30cb\u30ab\u30c3\u30d7\u30b1\u30fc\u30ad<\/h2>\n<p style=\"font-size: 18px; color: #555; text-align: center;\">\u3075\u308f\u3075\u308f\u3067\u30b9\u30af\u30a4\u30fc\u30ba\u306a\u53ef\u611b\u3044\u30a6\u30b5\u30ae\u306e\u30ab\u30c3\u30d7\u30b1\u30fc\u30ad\uff013\u3064\u306e\u9999\u308a\u304c\u767b\u5834\uff1a\u300d\u3002<\/p>\n<ul style=\"list-style-type: none; padding: 0; text-align: center; font-size: 16px; color: #444;\">\n<li><strong>\u306f\u3058\u307e\u308a\u306e\u304a\u82b1<\/strong> - \u30b9\u30c8\u30ed\u30d9\u30ea\u30fc\u306e\u9999\u308a<\/li>\n<li><strong>\u967d\u3060\u307e\u308a<\/strong> - \u30cf\u30cb\u30fc\u30d0\u30cb\u30e9\u306e\u9999\u308a<\/li>\n<li><strong>\u30b9\u30df\u30ec\u306e\u30c1\u30e7\u30b3\u30ec\u30fc\u30c8<\/strong> - \u30c1\u30e7\u30b3\u30ec\u30fc\u30c8\u306e\u9999\u308a<\/li>\n<\/ul>\n<p style=\"font-size: 14px; color: #777; text-align: center;\">\u203b\u9999\u308a\u306e\u5f37\u3055\u306f\u7a2e\u985e\u306b\u3088\u3063\u3066\u7570\u306a\u308a\u307e\u3059\u3002<br \/>\n\u203b\u5546\u54c1\u753b\u50cf\u306f\u30a4\u30e1\u30fc\u30b8\u3067\u3059\u3002<\/p>","protected":false},"excerpt":{"rendered":"<p><!-- Aviso de Pr\u00e9-venda --><\/p>\n<p><!-- Descri\u00e7\u00e3o em Ingl\u00eas --><\/p>\n<h2 style=\"color: #ff6699; text-align: center;\">IBloom - \u30d4\u30a8\u30cb\u30fb\u30e6\u30cb \u30ab\u30c3\u30d7\u30b1\u30fc\u30ad<\/h2>\n<p style=\"font-size: 18px; color: #555; text-align: center;\">\u3075\u308f\u3075\u308f\uff06\u3075\u306b\u3083\u3075\u306b\u3083\u306e\u30ab\u30c3\u30d7\u30b1\u30fc\u30ad\u306b\u30ad\u30e5\u30fc\u30c8\u306a\u30a6\u30b5\u30ae\u304c\u63cf\u304b\u308c\u3066\u3044\u307e\u3059\uff01\u9999\u308a\u306f3\u7a2e\u985e\uff1a<\/p>\n<ul style=\"list-style-type: none; padding: 0; text-align: center; font-size: 16px; color: #444;\">\n<li><strong>\u306f\u3058\u307e\u308a\u306e\u82b1<\/strong> - \u30b9\u30c8\u30ed\u30d9\u30ea\u30fc\u306e\u9999\u308a<\/li>\n<li><strong>\u3072\u3060\u307e\u308a<\/strong> - \u30cf\u30cb\u30fc\u30d0\u30cb\u30e9\u306e\u9999\u308a<\/li>\n<li><strong>\u3059\u307f\u308c\u306e\u30c1\u30e7\u30b3\u30ec\u30fc\u30c8<\/strong> - \u30c1\u30e7\u30b3\u30ec\u30fc\u30c8\u306e\u9999\u308a<\/li>\n<\/ul>\n<p style=\"font-size: 14px; color: #777; text-align: center;\">*\u9999\u308a\u306e\u5f37\u3055\u306f\u7a2e\u985e\u306b\u3088\u3063\u3066\u7570\u306a\u308b\u3002<br \/>\n*\u5546\u54c1\u753b\u50cf\u306f\u30a4\u30e1\u30fc\u30b8\u3067\u3059\u3002\u5b9f\u969b\u306e\u5546\u54c1\u3068\u306f\u591a\u5c11\u7570\u306a\u308b\u5834\u5408\u304c\u3042\u308a\u307e\u3059\u3002<\/p>\n<hr style=\"border: 1px dashed #f4c2c2; margin: 20px 0;\" \/>\n<p><!-- Aviso de Pr\u00e9-venda --><\/p>\n<p><!-- Descri\u00e7\u00e3o em Japon\u00eas --><\/p>\n<h2 style=\"color: #ff6699; text-align: center;\">IBloom - \u30d4\u30a8\u30cb\u30a6\u30cb\u30ab\u30c3\u30d7\u30b1\u30fc\u30ad<\/h2>\n<p style=\"font-size: 18px; color: #555; text-align: center;\">\u3075\u308f\u3075\u308f\u3067\u30b9\u30af\u30a4\u30fc\u30ba\u306a\u53ef\u611b\u3044\u30a6\u30b5\u30ae\u306e\u30ab\u30c3\u30d7\u30b1\u30fc\u30ad\uff013\u3064\u306e\u9999\u308a\u304c\u767b\u5834\uff1a\u300d\u3002<\/p>\n<ul style=\"list-style-type: none; padding: 0; text-align: center; font-size: 16px; color: #444;\">\n<li><strong>\u306f\u3058\u307e\u308a\u306e\u304a\u82b1<\/strong> - \u30b9\u30c8\u30ed\u30d9\u30ea\u30fc\u306e\u9999\u308a<\/li>\n<li><strong>\u967d\u3060\u307e\u308a<\/strong> - \u30cf\u30cb\u30fc\u30d0\u30cb\u30e9\u306e\u9999\u308a<\/li>\n<li><strong>\u30b9\u30df\u30ec\u306e\u30c1\u30e7\u30b3\u30ec\u30fc\u30c8<\/strong> - \u30c1\u30e7\u30b3\u30ec\u30fc\u30c8\u306e\u9999\u308a<\/li>\n<\/ul>\n<p style=\"font-size: 14px; color: #777; text-align: center;\">\u203b\u9999\u308a\u306e\u5f37\u3055\u306f\u7a2e\u985e\u306b\u3088\u3063\u3066\u7570\u306a\u308a\u307e\u3059\u3002<br \/>\n\u203b\u5546\u54c1\u753b\u50cf\u306f\u30a4\u30e1\u30fc\u30b8\u3067\u3059\u3002<\/p>","protected":false},"featured_media":14063,"comment_status":"closed","ping_status":"open","template":"","meta":{"sj_search_aliases":"","sj_title_ja":"","sj_title_zh_cn":"","sj_title_zh_tw":"","sj_desc_ja":"","sj_desc_zh_cn":"","sj_color_ja":"","sj_color_zh_cn":"","sj_scent_ja":"","sj_scent_zh_cn":""},"product_brand":[],"product_cat":[16],"product_tag":[],"class_list":{"0":"post-14062","1":"product","2":"type-product","3":"status-publish","4":"has-post-thumbnail","6":"product_cat-ibloom","7":"pa_color-hajimari-no-ohana-pink","8":"pa_color-hidamari-yellow","9":"pa_color-sumire-no-chocolate-brown","11":"first","12":"outofstock","13":"product-type-variable"},"_links":{"self":[{"href":"https:\/\/squishy-japan.com\/jp\/wp-json\/wp\/v2\/product\/14062","targetHints":{"allow":["GET"]}}],"collection":[{"href":"https:\/\/squishy-japan.com\/jp\/wp-json\/wp\/v2\/product"}],"about":[{"href":"https:\/\/squishy-japan.com\/jp\/wp-json\/wp\/v2\/types\/product"}],"replies":[{"embeddable":true,"href":"https:\/\/squishy-japan.com\/jp\/wp-json\/wp\/v2\/comments?post=14062"}],"wp:featuredmedia":[{"embeddable":true,"href":"https:\/\/squishy-japan.com\/jp\/wp-json\/wp\/v2\/media\/14063"}],"wp:attachment":[{"href":"https:\/\/squishy-japan.com\/jp\/wp-json\/wp\/v2\/media?parent=14062"}],"wp:term":[{"taxonomy":"product_brand","embeddable":true,"href":"https:\/\/squishy-japan.com\/jp\/wp-json\/wp\/v2\/product_brand?post=14062"},{"taxonomy":"product_cat","embeddable":true,"href":"https:\/\/squishy-japan.com\/jp\/wp-json\/wp\/v2\/product_cat?post=14062"},{"taxonomy":"product_tag","embeddable":true,"href":"https:\/\/squishy-japan.com\/jp\/wp-json\/wp\/v2\/product_tag?post=14062"}],"curies":[{"name":"wp","href":"https:\/\/api.w.org\/{rel}","templated":true}]}}